{"id":7234,"date":"2014-04-28T10:17:02","date_gmt":"2014-04-28T10:17:02","guid":{"rendered":"http:\/\/localhost\/PWA\/tools-videos\/"},"modified":"2025-02-09T07:56:35","modified_gmt":"2025-02-09T07:56:35","slug":"facilitation-en","status":"publish","type":"page","link":"https:\/\/peaceworkafrica.net\/en\/facilitation-en\/","title":{"rendered":"Facilitation"},"content":{"rendered":"\t\t<div data-elementor-type=\"wp-page\" data-elementor-id=\"7234\" class=\"elementor elementor-7234\" data-elementor-post-type=\"page\">\n\t\t\t\t<div class=\"elementor-element elementor-element-b11b403 e-flex e-con-boxed e-con e-parent\" data-id=\"b11b403\" data-element_type=\"container\" data-e-type=\"container\">\n\t\t\t\t\t<div class=\"e-con-inner\">\n\t\t\t\t<div class=\"elementor-element elementor-element-448dcfaf elementor-widget elementor-widget-heading\" data-id=\"448dcfaf\" data-element_type=\"widget\" data-e-type=\"widget\" data-widget_type=\"heading.default\">\n\t\t\t\t<div class=\"elementor-widget-container\">\n\t\t\t\t\t<h2 class=\"elementor-heading-title elementor-size-default\">FACILITATION<\/h2>\t\t\t\t<\/div>\n\t\t\t\t<\/div>\n\t\t\t\t\t<\/div>\n\t\t\t\t<\/div>\n\t\t<div class=\"elementor-element elementor-element-7984a502 e-flex e-con-boxed e-con e-parent\" data-id=\"7984a502\" data-element_type=\"container\" data-e-type=\"container\">\n\t\t\t\t\t<div class=\"e-con-inner\">\n\t\t\t\t<div class=\"elementor-element elementor-element-664013b1 elementor-widget elementor-widget-ucaddon_post_blocks\" data-id=\"664013b1\" data-element_type=\"widget\" data-e-type=\"widget\" data-widget_type=\"ucaddon_post_blocks.default\">\n\t\t\t\t<div class=\"elementor-widget-container\">\n\t\t\t\t\t\n<!-- start Post Blocks -->\n\t\t<link id='font-awesome-css' href='https:\/\/peaceworkafrica.net\/wp-content\/plugins\/unlimited-elements-for-elementor\/assets_libraries\/font-awesome6\/fontawesome-all.min.css' type='text\/css' rel='stylesheet' >\n\t\t<link id='font-awesome-4-shim-css' href='https:\/\/peaceworkafrica.net\/wp-content\/plugins\/unlimited-elements-for-elementor\/assets_libraries\/font-awesome6\/fontawesome-v4-shims.min.css' type='text\/css' rel='stylesheet' >\n\n<style>\/* widget: Post Blocks *\/\n\n\n\n#uc_post_blocks_elementor_664013b1 {\n    display:grid;\n}\n#uc_post_blocks_elementor_664013b1 .ue_post_blocks_box\n{\n  overflow:hidden;\n}\n\n#uc_post_blocks_elementor_664013b1 .ue_post_blocks_image\n{\n  overflow:hidden;\n}\n#uc_post_blocks_elementor_664013b1 .ue_post_blocks_image img\n{\n  object-fit: contain;\n  object-position:center center;\n  width:100%;\n  display:block;\n}\n#uc_post_blocks_elementor_664013b1 .ue_post_blocks_link a\n{\n  display:inline-block;\n  text-decoration:none;\n  text-align:center;\n}\n\n #uc_post_blocks_elementor_664013b1 .ue_post_blocks_box img\n{\n  transition:0.5s;\n}\n #uc_post_blocks_elementor_664013b1 .ue_post_blocks_box:hover img\n{\n  transform:scale(1.1,1.1);\n}\n\n\n\n\n#uc_post_blocks_elementor_664013b1 .ue-grid-item-meta-data\n{\n  display:inlin-flex;\n  flex-wrap: wrap;\n}\n\n.ue-grid-item-meta-data\n{\n  font-size:12px;\n}\n\n#uc_post_blocks_elementor_664013b1 .ue-grid-item-meta-data-icon\n{\n  line-height:1em;\n}\n\n#uc_post_blocks_elementor_664013b1 .ue-grid-item-meta-data-icon svg\n{\n  width:1em;\n  height:1em;\n}\n\n\n.ue-grid-item-category a\n{\n  display:inline-block;\n  font-size:10px;\n  text-transform:uppercase;\n}\n\n<\/style>\n\n<div id=\"uc_post_blocks_elementor_664013b1\" class=\"ue_post_blocks uc-items-wrapper\" >\n    <div class=\"ue_post_blocks_box\">\n    <div class=\"ue_post_blocks_image\">\n    <a href=\"https:\/\/peaceworkafrica.net\/en\/cafe-to-go\/\" style=\"display:block;\"><img fetchpriority=\"high\" decoding=\"async\" src=\"https:\/\/peaceworkafrica.net\/wp-content\/uploads\/2025\/02\/12-1.png\"  src=\"https:\/\/peaceworkafrica.net\/wp-content\/uploads\/2025\/02\/12-1.png\" alt=\"12\" width=\"261\" height=\"373\"><\/a>\n  <\/div>\n    <div class=\"ue_post_blocks_content\">\n      \n     \n         \n    <div class=\"ue_post_blocks_title\"><a href=\"https:\/\/peaceworkafrica.net\/en\/cafe-to-go\/\">Caf\u00e9 to go<\/a><\/div>    \n        \n    \n    <div class=\"ue_post_blocks_text\">What are World Caf\u00e9 Conversations?\n\n\n\nDownload PDF<\/div>    <div class=\"ue_post_blocks_link\"><a href=\"https:\/\/peaceworkafrica.net\/en\/cafe-to-go\/\" class=\"\">Lire Plus<\/a><\/div>  <\/div>\n<\/div>\n<div class=\"ue_post_blocks_box\">\n    <div class=\"ue_post_blocks_image\">\n    <a href=\"https:\/\/peaceworkafrica.net\/en\/cafe-etiquettehost\/\" style=\"display:block;\"><img decoding=\"async\" src=\"https:\/\/peaceworkafrica.net\/wp-content\/uploads\/2025\/02\/coffee.jpg\"  src=\"https:\/\/peaceworkafrica.net\/wp-content\/uploads\/2025\/02\/coffee.jpg\" alt=\"coffee\" width=\"1920\" height=\"1282\"><\/a>\n  <\/div>\n    <div class=\"ue_post_blocks_content\">\n      \n     \n         \n    <div class=\"ue_post_blocks_title\"><a href=\"https:\/\/peaceworkafrica.net\/en\/cafe-etiquettehost\/\">Caf\u00e9 Etiquette+Host<\/a><\/div>    \n        \n    \n    <div class=\"ue_post_blocks_text\">Caf\u00e9 Etiquette\n\n\nFocus on what matters\n\n\nContribute your own thoughts and perspectives\n\n\nSpeak with heart...<\/div>    <div class=\"ue_post_blocks_link\"><a href=\"https:\/\/peaceworkafrica.net\/en\/cafe-etiquettehost\/\" class=\"\">Lire Plus<\/a><\/div>  <\/div>\n<\/div>\n\n<\/div>\n<!-- end Post Blocks -->\t\t\t\t<\/div>\n\t\t\t\t<\/div>\n\t\t\t\t\t<\/div>\n\t\t\t\t<\/div>\n\t\t\t\t<\/div>\n\t\t","protected":false},"excerpt":{"rendered":"<p>FACILITATION Caf\u00e9 to go What are World Caf\u00e9 Conversations? Download PDF Lire Plus Caf\u00e9 Etiquette+Host Caf\u00e9 Etiquette Focus on what matters Contribute your own thoughts and<span class=\"excerpt-hellip\"> [\u2026]<\/span><\/p>\n","protected":false},"author":1,"featured_media":0,"parent":0,"menu_order":0,"comment_status":"closed","ping_status":"closed","template":"","meta":{"footnotes":""},"class_list":["post-7234","page","type-page","status-publish","hentry"],"_links":{"self":[{"href":"https:\/\/peaceworkafrica.net\/en\/wp-json\/wp\/v2\/pages\/7234","targetHints":{"allow":["GET"]}}],"collection":[{"href":"https:\/\/peaceworkafrica.net\/en\/wp-json\/wp\/v2\/pages"}],"about":[{"href":"https:\/\/peaceworkafrica.net\/en\/wp-json\/wp\/v2\/types\/page"}],"author":[{"embeddable":true,"href":"https:\/\/peaceworkafrica.net\/en\/wp-json\/wp\/v2\/users\/1"}],"replies":[{"embeddable":true,"href":"https:\/\/peaceworkafrica.net\/en\/wp-json\/wp\/v2\/comments?post=7234"}],"version-history":[{"count":0,"href":"https:\/\/peaceworkafrica.net\/en\/wp-json\/wp\/v2\/pages\/7234\/revisions"}],"wp:attachment":[{"href":"https:\/\/peaceworkafrica.net\/en\/wp-json\/wp\/v2\/media?parent=7234"}],"curies":[{"name":"wp","href":"https:\/\/api.w.org\/{rel}","templated":true}]}}